{"id":728,"date":"2023-09-01T22:48:22","date_gmt":"2023-09-01T20:48:22","guid":{"rendered":"https:\/\/tennis-saint-maurice.fr\/?page_id=728"},"modified":"2025-09-09T14:31:01","modified_gmt":"2025-09-09T12:31:01","slug":"inscriptions-2","status":"publish","type":"page","link":"https:\/\/tennis-saint-maurice.fr\/?page_id=728","title":{"rendered":"Inscriptions"},"content":{"rendered":"\n<p>Les membres du comit\u00e9 de direction du TCSM vous accueilleront au Forum des associations de la ville de Saint-Maurice, le samedi 6 septembre 2025, \u00e0 l&rsquo;espace Delacroix (14h-18h).<br>Toutes les informations sur le club, notamment sur les conditions d&rsquo;inscription, pourront vous \u00eatre communiqu\u00e9es lors de cette journ\u00e9e.<br>Attention le nombre de places \u00e9tant limit\u00e9 sur certains cr\u00e9neaux, les inscriptions se feront selon l\u2019ordre d\u2019arriv\u00e9e.<\/p>\n\n\n\n<p>Si vous n\u2019avez pas l\u2019occasion de venir nous rendre visite lors du Forum des associations, n\u2019h\u00e9sitez pas \u00e0 nous contacter via la rubrique Contact du site pour toute demande d&rsquo;information.<\/p>\n\n\n\n<hr class=\"wp-block-separator has-alpha-channel-opacity\"\/>\n\n\n\n<p><\/p>\n\n\n\n<p style=\"font-style:normal;font-weight:700;text-decoration:underline\"><strong>Nos formules d\u2019inscription :<\/strong><\/p>\n\n\n\n<p style=\"font-style:normal;font-weight:700\"><strong>L\u2019inscription Tennis Libre&nbsp;<\/strong><\/p>\n\n\n\n<p>Toute inscription Tennis Libre donne le droit \u00e0 un acc\u00e8s illimit\u00e9 aux courts du TCSM (hors cr\u00e9neaux d\u2019entrainement et \u00e9v\u00e8nements particuliers tels que les comp\u00e9titions officielles, tournois internes). Les enfants inscrits sur cette formule doivent obligatoirement \u00eatre sous la surveillance d\u2019un adulte adh\u00e9rent au club.<\/p>\n\n\n\n<p style=\"font-style:normal;font-weight:700\"><strong>L\u2019inscription aux entra\u00eenements dirig\u00e9s pour les Adultes<\/strong><\/p>\n\n\n\n<p>En compl\u00e9ment de l\u2019acc\u00e8s illimit\u00e9 aux courts, vous \u00eates inscrit \u00e0 un cours dispens\u00e9 par un entraineur une fois par semaine. Le cr\u00e9neau est d\u00e9fini en d\u00e9but d\u2019ann\u00e9e en fonction du niveau de l\u2019adh\u00e9rent&nbsp;:<\/p>\n\n\n\n<ul class=\"wp-block-list\">\n<li>Niveau 1&nbsp;: pour les d\u00e9butants et ceux qui ont besoin de perfectionner les bases du tennis<\/li>\n\n\n\n<li>Niveau 2&nbsp;: pour les joueurs confirm\u00e9s ayant quelques ann\u00e9es de pratique, qui ne souhaitent pas forc\u00e9ment s\u2019impliquer en comp\u00e9tition<\/li>\n\n\n\n<li>Niveau 3&nbsp;: pour les joueurs aguerris ayant plusieurs ann\u00e9es de pratique et en g\u00e9n\u00e9ral class\u00e9s, qui souhaitent s\u2019investir en comp\u00e9tition (tournois priv\u00e9s et\/ou interclubs)<\/li>\n\n\n\n<li>Comp\u00e9tition : Joueurs class\u00e9s participants r\u00e9guli\u00e8rement \u00e0 des comp\u00e9titions. Entra\u00eenement d&rsquo;1h30<\/li>\n<\/ul>\n\n\n\n<p>Les horaires des diff\u00e9rents cr\u00e9neaux sont disponibles dans la rubrique \u00ab&nbsp;Cr\u00e9neaux&nbsp;\u00bb.<\/p>\n\n\n\n<p style=\"font-style:normal;font-weight:700\"><strong>L\u2019inscription entra\u00eenements dirig\u00e9s Jeunes<\/strong><\/p>\n\n\n\n<p>Destin\u00e9e aux enfants \u00e0 partir de l\u2019\u00e2ge de 4 ans et jusqu\u2019\u00e0 16 ans. Il s\u2019agit de cours permettant, en fonction du niveau et de l\u2019\u00e2ge, la d\u00e9couverte du tennis, l\u2019apprentissage des gestes techniques, voire une pr\u00e9paration pour la comp\u00e9tition.<br>L\u2019inscription jeunes donne acc\u00e8s \u00e0 un cours dirig\u00e9 par semaine et \u00e0 l\u2019inscription Tennis Libre (sous condition que l\u2019enfant soit accompagn\u00e9 d\u2019un Adulte, adh\u00e9rent au club).<br>Les horaires des diff\u00e9rents cr\u00e9neaux sont disponibles dans la rubrique \u00ab\u00a0Cr\u00e9neaux\u00a0\u00bb.<\/p>\n\n\n\n<p style=\"font-style:normal;font-weight:700;text-decoration:underline\"><strong>Acc\u00e8s aux courts :<\/strong><\/p>\n\n\n\n<ul class=\"wp-block-list\">\n<li>Les cours dirig\u00e9s d\u00e9butent mi-septembre et se terminent fin juin. Aucun cours n\u2019est donn\u00e9 pendant les vacances scolaires et les jours f\u00e9ri\u00e9s.<\/li>\n\n\n\n<li>En tant qu\u2019adh\u00e9rent au TCSM, la pratique en jeu libre est possible de septembre \u00e0 ao\u00fbt.<\/li>\n<\/ul>\n\n\n\n<p class=\"has-vivid-red-color has-text-color\" style=\"font-style:normal;font-weight:700\"><strong>Pour la saison 2025-2026, les cours collectifs d\u00e9buteront la semaine du 15 septembre.<\/strong><\/p>\n\n\n\n<hr class=\"wp-block-separator has-alpha-channel-opacity\"\/>\n\n\n\n<p style=\"font-style:normal;font-weight:700;text-decoration:underline\"><strong>D\u00e9roulement des inscriptions :<\/strong><\/p>\n\n\n\n<p><\/p>\n\n\n\n<p>1\/ Consulter le r\u00e8glement int\u00e9rieur du club, disponible <a href=\"https:\/\/tennis-saint-maurice.fr\/?page_id=60\">IC<\/a><a href=\"https:\/\/tennis-saint-maurice.fr\/?page_id=60\" target=\"_blank\" rel=\"noreferrer noopener\">I<\/a><br>2\/ Pour les MINEURS, consulter le questionnaire de sant\u00e9 QS SPORTS Cerfa n\u00b0 15699*01, disponible <a href=\"https:\/\/www.fft.fr\/sites\/default\/files\/documents\/QUESTIONNAIRE%20DE%20SANTE%20MINEURS.pdf\" target=\"_blank\" rel=\"noreferrer noopener\">ICI<\/a><br>3\/ Envoyer vos coordonn\u00e9es en remplissant le formulaire en ligne, disponible <a href=\"https:\/\/forms.gle\/dFidpGfgq19TNkvd6\" target=\"_blank\" rel=\"noreferrer noopener\">ICI<\/a><br>4\/ T\u00e9l\u00e9charger, remplir, signer et envoyer le document d&rsquo;inscription \u00e0 l&rsquo;adresse tcsm94410@gmail.com<br> &#8211; Pour la formule \u00ab\u00a0Entrainements Dirig\u00e9s\u00a0\u00bb, <a href=\"https:\/\/tennis-saint-maurice.fr\/wp-content\/uploads\/2025\/09\/TCSM-ECOLE-DE-TENNIS-FICHE-INSCRIPTION-2025-2026.pdf\" target=\"_blank\" rel=\"noreferrer noopener\">ICI<\/a><br> &#8211; Pour la formule \u00ab\u00a0Tennis Libre\u00a0\u00bb, <a href=\"https:\/\/tennis-saint-maurice.fr\/wp-content\/uploads\/2025\/09\/TCSM-TENNIS-LIBRE-FICHE-INSCRIPTION-2025-2026.pdf\" target=\"_blank\" rel=\"noreferrer noopener\">ICI<\/a><br>5\/ Apr\u00e8s v\u00e9rification de votre dossier par le comit\u00e9 directeur, vous serez amen\u00e9 \u00e0 r\u00e9gler votre cotisation via l&rsquo;application Ten&rsquo;up.<\/p>\n\n\n\n<p><\/p>\n\n\n\n<p class=\"has-vivid-red-color has-text-color has-medium-font-size\" style=\"font-style:normal;font-weight:700\"><strong>Toutes ces \u00e9tapes devront \u00eatre effectu\u00e9es afin de valider DEFINITIVEMENT votre inscription.<\/strong><\/p>\n","protected":false},"excerpt":{"rendered":"<p>Les membres du comit\u00e9 de direction du TCSM vous accueilleront au Forum des associations de [&hellip;]<\/p>\n","protected":false},"author":1,"featured_media":0,"parent":0,"menu_order":0,"comment_status":"closed","ping_status":"closed","template":"","meta":{"footnotes":""},"class_list":["post-728","page","type-page","status-publish","hentry"],"_links":{"self":[{"href":"https:\/\/tennis-saint-maurice.fr\/index.php?rest_route=\/wp\/v2\/pages\/728","targetHints":{"allow":["GET"]}}],"collection":[{"href":"https:\/\/tennis-saint-maurice.fr\/index.php?rest_route=\/wp\/v2\/pages"}],"about":[{"href":"https:\/\/tennis-saint-maurice.fr\/index.php?rest_route=\/wp\/v2\/types\/page"}],"author":[{"embeddable":true,"href":"https:\/\/tennis-saint-maurice.fr\/index.php?rest_route=\/wp\/v2\/users\/1"}],"replies":[{"embeddable":true,"href":"https:\/\/tennis-saint-maurice.fr\/index.php?rest_route=%2Fwp%2Fv2%2Fcomments&post=728"}],"version-history":[{"count":67,"href":"https:\/\/tennis-saint-maurice.fr\/index.php?rest_route=\/wp\/v2\/pages\/728\/revisions"}],"predecessor-version":[{"id":851,"href":"https:\/\/tennis-saint-maurice.fr\/index.php?rest_route=\/wp\/v2\/pages\/728\/revisions\/851"}],"wp:attachment":[{"href":"https:\/\/tennis-saint-maurice.fr\/index.php?rest_route=%2Fwp%2Fv2%2Fmedia&parent=728"}],"curies":[{"name":"wp","href":"https:\/\/api.w.org\/{rel}","templated":true}]}}