{"id":41,"date":"2023-01-04T18:03:33","date_gmt":"2023-01-04T17:03:33","guid":{"rendered":"http:\/\/tennis-saint-maurice.fr\/?page_id=41"},"modified":"2023-04-28T14:52:57","modified_gmt":"2023-04-28T12:52:57","slug":"evenements-et-competitions","status":"publish","type":"page","link":"https:\/\/tennis-saint-maurice.fr\/?page_id=41","title":{"rendered":"Ev\u00e8nements et comp\u00e9titions"},"content":{"rendered":"\n<p class=\"has-text-align-center\"><strong><em>Tous les \u00e9v\u00e9nements, les manifestations et les comp\u00e9titions du club<\/em><\/strong><\/p>\n\n\n\n<p><\/p>\n\n\n\n<hr class=\"wp-block-separator has-alpha-channel-opacity\"\/>\n\n\n\n<p><\/p>\n\n\n\n\n\n<figure class=\"wp-block-gallery has-nested-images columns-default wp-block-gallery-1 is-layout-flex wp-block-gallery-is-layout-flex\">\n<figure class=\"wp-block-image size-large\"><img loading=\"lazy\" decoding=\"async\" width=\"705\" height=\"600\" data-id=\"92\" src=\"https:\/\/tennis-saint-maurice.fr\/wp-content\/uploads\/2023\/01\/Team_35.png\" alt=\"\" class=\"wp-image-92\" srcset=\"https:\/\/tennis-saint-maurice.fr\/wp-content\/uploads\/2023\/01\/Team_35.png 705w, https:\/\/tennis-saint-maurice.fr\/wp-content\/uploads\/2023\/01\/Team_35-300x255.png 300w\" sizes=\"auto, (max-width: 705px) 100vw, 705px\" \/><figcaption class=\"wp-element-caption\"><em>Equipe +35 2022\/23<\/em><\/figcaption><\/figure>\n\n\n\n<figure class=\"wp-block-image size-large\"><img loading=\"lazy\" decoding=\"async\" width=\"1024\" height=\"1024\" data-id=\"602\" src=\"https:\/\/tennis-saint-maurice.fr\/wp-content\/uploads\/2023\/04\/340457960_1634419710316776_3099551508558279453_n-1024x1024.jpg\" alt=\"\" class=\"wp-image-602\" srcset=\"https:\/\/tennis-saint-maurice.fr\/wp-content\/uploads\/2023\/04\/340457960_1634419710316776_3099551508558279453_n-1024x1024.jpg 1024w, https:\/\/tennis-saint-maurice.fr\/wp-content\/uploads\/2023\/04\/340457960_1634419710316776_3099551508558279453_n-300x300.jpg 300w, https:\/\/tennis-saint-maurice.fr\/wp-content\/uploads\/2023\/04\/340457960_1634419710316776_3099551508558279453_n-150x150.jpg 150w, https:\/\/tennis-saint-maurice.fr\/wp-content\/uploads\/2023\/04\/340457960_1634419710316776_3099551508558279453_n-768x768.jpg 768w, https:\/\/tennis-saint-maurice.fr\/wp-content\/uploads\/2023\/04\/340457960_1634419710316776_3099551508558279453_n.jpg 1440w\" sizes=\"auto, (max-width: 1024px) 100vw, 1024px\" \/><figcaption class=\"wp-element-caption\"><em>Equipe 2 2022\/23<\/em><\/figcaption><\/figure>\n\n\n\n<figure class=\"wp-block-image size-full\"><img loading=\"lazy\" decoding=\"async\" width=\"527\" height=\"375\" data-id=\"95\" src=\"https:\/\/tennis-saint-maurice.fr\/wp-content\/uploads\/2023\/01\/Team1.png\" alt=\"\" class=\"wp-image-95\" srcset=\"https:\/\/tennis-saint-maurice.fr\/wp-content\/uploads\/2023\/01\/Team1.png 527w, https:\/\/tennis-saint-maurice.fr\/wp-content\/uploads\/2023\/01\/Team1-300x213.png 300w\" sizes=\"auto, (max-width: 527px) 100vw, 527px\" \/><figcaption class=\"wp-element-caption\"><em>Equipe 1 2021\/22<\/em><\/figcaption><\/figure>\n<\/figure>\n\n\n\n<p><\/p>\n\n\n\n<p><\/p>\n\n\n\n<figure class=\"wp-block-gallery has-nested-images columns-default is-cropped wp-block-gallery-2 is-layout-flex wp-block-gallery-is-layout-flex\">\n<figure class=\"wp-block-image size-large\"><img loading=\"lazy\" decoding=\"async\" width=\"1024\" height=\"768\" data-id=\"47\" src=\"https:\/\/tennis-saint-maurice.fr\/wp-content\/uploads\/2023\/01\/WhatsApp-Image-2022-12-11-at-14.50.24.jpeg\" alt=\"\" class=\"wp-image-47\" srcset=\"https:\/\/tennis-saint-maurice.fr\/wp-content\/uploads\/2023\/01\/WhatsApp-Image-2022-12-11-at-14.50.24.jpeg 1024w, https:\/\/tennis-saint-maurice.fr\/wp-content\/uploads\/2023\/01\/WhatsApp-Image-2022-12-11-at-14.50.24-300x225.jpeg 300w, https:\/\/tennis-saint-maurice.fr\/wp-content\/uploads\/2023\/01\/WhatsApp-Image-2022-12-11-at-14.50.24-768x576.jpeg 768w\" sizes=\"auto, (max-width: 1024px) 100vw, 1024px\" \/><\/figure>\n\n\n\n<figure class=\"wp-block-image size-large\"><img loading=\"lazy\" decoding=\"async\" width=\"1024\" height=\"768\" data-id=\"48\" src=\"https:\/\/tennis-saint-maurice.fr\/wp-content\/uploads\/2023\/01\/WhatsApp-Image-2022-12-11-at-14.50.53.jpeg\" alt=\"\" class=\"wp-image-48\" srcset=\"https:\/\/tennis-saint-maurice.fr\/wp-content\/uploads\/2023\/01\/WhatsApp-Image-2022-12-11-at-14.50.53.jpeg 1024w, https:\/\/tennis-saint-maurice.fr\/wp-content\/uploads\/2023\/01\/WhatsApp-Image-2022-12-11-at-14.50.53-300x225.jpeg 300w, https:\/\/tennis-saint-maurice.fr\/wp-content\/uploads\/2023\/01\/WhatsApp-Image-2022-12-11-at-14.50.53-768x576.jpeg 768w\" sizes=\"auto, (max-width: 1024px) 100vw, 1024px\" \/><\/figure>\n\n\n\n<figure class=\"wp-block-image size-large\"><img loading=\"lazy\" decoding=\"async\" width=\"1024\" height=\"768\" data-id=\"49\" src=\"https:\/\/tennis-saint-maurice.fr\/wp-content\/uploads\/2023\/01\/WhatsApp-Image-2022-12-11-at-14.51.12.jpeg\" alt=\"\" class=\"wp-image-49\" srcset=\"https:\/\/tennis-saint-maurice.fr\/wp-content\/uploads\/2023\/01\/WhatsApp-Image-2022-12-11-at-14.51.12.jpeg 1024w, https:\/\/tennis-saint-maurice.fr\/wp-content\/uploads\/2023\/01\/WhatsApp-Image-2022-12-11-at-14.51.12-300x225.jpeg 300w, https:\/\/tennis-saint-maurice.fr\/wp-content\/uploads\/2023\/01\/WhatsApp-Image-2022-12-11-at-14.51.12-768x576.jpeg 768w\" sizes=\"auto, (max-width: 1024px) 100vw, 1024px\" \/><\/figure>\n\n\n\n<figure class=\"wp-block-image size-large\"><img loading=\"lazy\" decoding=\"async\" width=\"1024\" height=\"768\" data-id=\"46\" src=\"https:\/\/tennis-saint-maurice.fr\/wp-content\/uploads\/2023\/01\/WhatsApp-Image-2022-12-11-at-14.50.32.jpeg\" alt=\"\" class=\"wp-image-46\" srcset=\"https:\/\/tennis-saint-maurice.fr\/wp-content\/uploads\/2023\/01\/WhatsApp-Image-2022-12-11-at-14.50.32.jpeg 1024w, https:\/\/tennis-saint-maurice.fr\/wp-content\/uploads\/2023\/01\/WhatsApp-Image-2022-12-11-at-14.50.32-300x225.jpeg 300w, https:\/\/tennis-saint-maurice.fr\/wp-content\/uploads\/2023\/01\/WhatsApp-Image-2022-12-11-at-14.50.32-768x576.jpeg 768w\" sizes=\"auto, (max-width: 1024px) 100vw, 1024px\" \/><\/figure>\n<figcaption class=\"blocks-gallery-caption wp-element-caption\"><em><strong>Tournoi de fin de saison 2021\/2022<\/strong><\/em><\/figcaption><\/figure>\n\n\n\n<p><\/p>\n\n\n\n<p><\/p>\n","protected":false},"excerpt":{"rendered":"<p>Tous les \u00e9v\u00e9nements, les manifestations et les comp\u00e9titions du club<\/p>\n","protected":false},"author":1,"featured_media":0,"parent":0,"menu_order":0,"comment_status":"closed","ping_status":"closed","template":"","meta":{"footnotes":""},"class_list":["post-41","page","type-page","status-publish","hentry"],"_links":{"self":[{"href":"https:\/\/tennis-saint-maurice.fr\/index.php?rest_route=\/wp\/v2\/pages\/41","targetHints":{"allow":["GET"]}}],"collection":[{"href":"https:\/\/tennis-saint-maurice.fr\/index.php?rest_route=\/wp\/v2\/pages"}],"about":[{"href":"https:\/\/tennis-saint-maurice.fr\/index.php?rest_route=\/wp\/v2\/types\/page"}],"author":[{"embeddable":true,"href":"https:\/\/tennis-saint-maurice.fr\/index.php?rest_route=\/wp\/v2\/users\/1"}],"replies":[{"embeddable":true,"href":"https:\/\/tennis-saint-maurice.fr\/index.php?rest_route=%2Fwp%2Fv2%2Fcomments&post=41"}],"version-history":[{"count":47,"href":"https:\/\/tennis-saint-maurice.fr\/index.php?rest_route=\/wp\/v2\/pages\/41\/revisions"}],"predecessor-version":[{"id":603,"href":"https:\/\/tennis-saint-maurice.fr\/index.php?rest_route=\/wp\/v2\/pages\/41\/revisions\/603"}],"wp:attachment":[{"href":"https:\/\/tennis-saint-maurice.fr\/index.php?rest_route=%2Fwp%2Fv2%2Fmedia&parent=41"}],"curies":[{"name":"wp","href":"https:\/\/api.w.org\/{rel}","templated":true}]}}