{"id":28,"date":"2023-01-04T17:54:07","date_gmt":"2023-01-04T16:54:07","guid":{"rendered":"http:\/\/tennis-saint-maurice.fr\/?page_id=28"},"modified":"2025-07-08T23:19:03","modified_gmt":"2025-07-08T21:19:03","slug":"accueil","status":"publish","type":"page","link":"https:\/\/tennis-saint-maurice.fr\/","title":{"rendered":"Accueil"},"content":{"rendered":"\n<div class=\"wp-block-group alignwide\"><div class=\"wp-block-group__inner-container is-layout-constrained wp-block-group-is-layout-constrained\">\n<div class=\"wp-block-columns is-layout-flex wp-container-core-columns-is-layout-9d6595d7 wp-block-columns-is-layout-flex\">\n<div class=\"wp-block-column is-layout-flow wp-block-column-is-layout-flow\" style=\"flex-basis:100%\">\n<div class=\"wp-block-media-text has-media-on-the-right is-stacked-on-mobile has-black-color has-white-background-color has-text-color has-background\" style=\"grid-template-columns:auto 34%\"><div class=\"wp-block-media-text__content\">\n<p class=\"has-text-align-center\">Bienvenue au Tennis Club de Saint-Maurice&nbsp;!<\/p>\n\n\n\n<p class=\"has-text-align-center\">Le Tennis Club de Saint-Maurice se situe dans l\u2019Est Parisien, pr\u00e8s des bords de Marne. Notre \u00e9quipe vous accueille dans un cadre chaleureux avec ses espaces verts et ses 4 courts ext\u00e9rieurs en b\u00e9ton poreux.<br><br>Si vous cherchez des partenaires, nous vous proposerons des joueurs de votre niveau pour jouer en simple ou en double.<br><br>Le Tennis Club de Saint-Maurice organise \u00e9galement des cours collectifs adultes et enfants en journ\u00e9e et en soir\u00e9e.<br><br>Parcourez notre site pour avoir toutes les informations n\u00e9cessaires \u00e0 la vie du club et suivez-nous sur les diff\u00e9rents r\u00e9seaux sociaux.<\/p>\n\n\n\n<p>Le Pr\u00e9sident<\/p>\n<\/div><figure class=\"wp-block-media-text__media\"><img loading=\"lazy\" decoding=\"async\" width=\"1440\" height=\"1439\" src=\"https:\/\/tennis-saint-maurice.fr\/wp-content\/uploads\/2023\/01\/Vue_Terrains.jpg\" alt=\"\" class=\"wp-image-464 size-full\" srcset=\"https:\/\/tennis-saint-maurice.fr\/wp-content\/uploads\/2023\/01\/Vue_Terrains.jpg 1440w, https:\/\/tennis-saint-maurice.fr\/wp-content\/uploads\/2023\/01\/Vue_Terrains-300x300.jpg 300w, https:\/\/tennis-saint-maurice.fr\/wp-content\/uploads\/2023\/01\/Vue_Terrains-1024x1024.jpg 1024w, https:\/\/tennis-saint-maurice.fr\/wp-content\/uploads\/2023\/01\/Vue_Terrains-150x150.jpg 150w, https:\/\/tennis-saint-maurice.fr\/wp-content\/uploads\/2023\/01\/Vue_Terrains-768x767.jpg 768w\" sizes=\"auto, (max-width: 1440px) 100vw, 1440px\" \/><\/figure><\/div>\n<\/div>\n<\/div>\n<\/div><\/div>\n\n\n\n<p><\/p>\n","protected":false},"excerpt":{"rendered":"<p>Bienvenue au Tennis Club de Saint-Maurice&nbsp;! Le Tennis Club de Saint-Maurice se situe dans l\u2019Est [&hellip;]<\/p>\n","protected":false},"author":1,"featured_media":0,"parent":0,"menu_order":0,"comment_status":"closed","ping_status":"closed","template":"","meta":{"footnotes":""},"class_list":["post-28","page","type-page","status-publish","hentry"],"_links":{"self":[{"href":"https:\/\/tennis-saint-maurice.fr\/index.php?rest_route=\/wp\/v2\/pages\/28","targetHints":{"allow":["GET"]}}],"collection":[{"href":"https:\/\/tennis-saint-maurice.fr\/index.php?rest_route=\/wp\/v2\/pages"}],"about":[{"href":"https:\/\/tennis-saint-maurice.fr\/index.php?rest_route=\/wp\/v2\/types\/page"}],"author":[{"embeddable":true,"href":"https:\/\/tennis-saint-maurice.fr\/index.php?rest_route=\/wp\/v2\/users\/1"}],"replies":[{"embeddable":true,"href":"https:\/\/tennis-saint-maurice.fr\/index.php?rest_route=%2Fwp%2Fv2%2Fcomments&post=28"}],"version-history":[{"count":42,"href":"https:\/\/tennis-saint-maurice.fr\/index.php?rest_route=\/wp\/v2\/pages\/28\/revisions"}],"predecessor-version":[{"id":829,"href":"https:\/\/tennis-saint-maurice.fr\/index.php?rest_route=\/wp\/v2\/pages\/28\/revisions\/829"}],"wp:attachment":[{"href":"https:\/\/tennis-saint-maurice.fr\/index.php?rest_route=%2Fwp%2Fv2%2Fmedia&parent=28"}],"curies":[{"name":"wp","href":"https:\/\/api.w.org\/{rel}","templated":true}]}}