{"id":24,"date":"2023-01-04T17:52:10","date_gmt":"2023-01-04T16:52:10","guid":{"rendered":"http:\/\/tennis-saint-maurice.fr\/?page_id=24"},"modified":"2023-01-04T22:51:01","modified_gmt":"2023-01-04T21:51:01","slug":"le-club","status":"publish","type":"page","link":"https:\/\/tennis-saint-maurice.fr\/?page_id=24","title":{"rendered":"Le Club"},"content":{"rendered":"\n<p>Le Tennis Club de Saint-Maurice est une association sportive (association loi 1901) o\u00f9 tous les joueurs sont adh\u00e9rents et licenci\u00e9s aupr\u00e8s de la F\u00e9d\u00e9ration Fran\u00e7aise de Tennis (FFT).<\/p>\n\n\n\n<p>Le club est cr\u00e9\u00e9 lors de la saison sportive 2019-2020 et enregistre alors 96 licenci\u00e9s, dont 50 jeunes.<\/p>\n\n\n\n<p>Pour la saison 2022\/2023, le TCSM compte 111 licenci\u00e9s, dont 63 jeunes.<\/p>\n\n\n\n<p>Le TCSM compte dans ses rangs plusieurs \u00e9quipes de comp\u00e9titeurs qui repr\u00e9sentent le club lors des diff\u00e9rents comp\u00e9titions organis\u00e9es par le comit\u00e9 du Val de Marne&nbsp;:<\/p>\n\n\n\n<ul class=\"wp-block-list\">\n<li>Interclubs d\u2019hiver \u00ab&nbsp;35+ hommes&nbsp;\u00bb<\/li>\n\n\n\n<li>Championnat \u00ab&nbsp;Les Triplettes&nbsp;\u00bb<\/li>\n\n\n\n<li>Interclubs de Printemps<\/li>\n<\/ul>\n\n\n\n<p>Lors de la saison 2021-2022, l\u2019\u00e9quipe 1 a fi\u00e8rement remport\u00e9 le championnat des Triplettes.<\/p>\n\n\n<div class=\"wp-block-image\">\n<figure class=\"aligncenter size-full\"><img loading=\"lazy\" decoding=\"async\" width=\"462\" height=\"346\" src=\"https:\/\/tennis-saint-maurice.fr\/wp-content\/uploads\/2023\/01\/image.png\" alt=\"\" class=\"wp-image-25\" srcset=\"https:\/\/tennis-saint-maurice.fr\/wp-content\/uploads\/2023\/01\/image.png 462w, https:\/\/tennis-saint-maurice.fr\/wp-content\/uploads\/2023\/01\/image-300x225.png 300w\" sizes=\"auto, (max-width: 462px) 100vw, 462px\" \/><\/figure>\n<\/div>\n\n\n<p><\/p>\n\n\n\n<p><\/p>\n","protected":false},"excerpt":{"rendered":"<p>Le Tennis Club de Saint-Maurice est une association sportive (association loi 1901) o\u00f9 tous les [&hellip;]<\/p>\n","protected":false},"author":1,"featured_media":0,"parent":0,"menu_order":0,"comment_status":"closed","ping_status":"closed","template":"","meta":{"footnotes":""},"class_list":["post-24","page","type-page","status-publish","hentry"],"_links":{"self":[{"href":"https:\/\/tennis-saint-maurice.fr\/index.php?rest_route=\/wp\/v2\/pages\/24","targetHints":{"allow":["GET"]}}],"collection":[{"href":"https:\/\/tennis-saint-maurice.fr\/index.php?rest_route=\/wp\/v2\/pages"}],"about":[{"href":"https:\/\/tennis-saint-maurice.fr\/index.php?rest_route=\/wp\/v2\/types\/page"}],"author":[{"embeddable":true,"href":"https:\/\/tennis-saint-maurice.fr\/index.php?rest_route=\/wp\/v2\/users\/1"}],"replies":[{"embeddable":true,"href":"https:\/\/tennis-saint-maurice.fr\/index.php?rest_route=%2Fwp%2Fv2%2Fcomments&post=24"}],"version-history":[{"count":1,"href":"https:\/\/tennis-saint-maurice.fr\/index.php?rest_route=\/wp\/v2\/pages\/24\/revisions"}],"predecessor-version":[{"id":26,"href":"https:\/\/tennis-saint-maurice.fr\/index.php?rest_route=\/wp\/v2\/pages\/24\/revisions\/26"}],"wp:attachment":[{"href":"https:\/\/tennis-saint-maurice.fr\/index.php?rest_route=%2Fwp%2Fv2%2Fmedia&parent=24"}],"curies":[{"name":"wp","href":"https:\/\/api.w.org\/{rel}","templated":true}]}}